{"id":39404,"date":"2025-10-23T09:10:29","date_gmt":"2025-10-23T15:10:29","guid":{"rendered":"https:\/\/www.amcham.cr\/?page_id=39404"},"modified":"2025-10-23T09:15:52","modified_gmt":"2025-10-23T15:15:52","slug":"grupo-purdy","status":"publish","type":"page","link":"https:\/\/www.amcham.cr\/en\/members\/grupo-purdy\/","title":{"rendered":"Grupo Purdy"},"content":{"rendered":"<p>[vc_row][vc_column width=&#8221;1\/3&#8243;][vc_column_text]<img loading=\"lazy\" decoding=\"async\" class=\"alignnone size-full wp-image-39431\" src=\"https:\/\/www.amcham.cr\/wp-content\/uploads\/2025\/10\/logo-micrositio-210x210-Purdy.jpg\" alt=\"\" width=\"210\" height=\"210\" srcset=\"https:\/\/www.amcham.cr\/wp-content\/uploads\/2025\/10\/logo-micrositio-210x210-Purdy.jpg 210w, https:\/\/www.amcham.cr\/wp-content\/uploads\/2025\/10\/logo-micrositio-210x210-Purdy-150x150.jpg 150w\" sizes=\"auto, (max-width: 210px) 100vw, 210px\" \/>[\/vc_column_text][\/vc_column][vc_column width=&#8221;1\/3&#8243;][vc_column_text css_animation=&#8221;none&#8221; el_class=&#8221;justify&#8221;]<\/p>\n<p style=\"text-align: justify;\">Business group dedicated to providing reliable and sustainable mobility solutions.<br \/>\nOur organization was founded on January 8, 1957, with 100% national capital, and since its inception, we have focused on implementing innovative and technological processes that connect and facilitate people&#8217;s lives.<br \/>\nFor more than 15 years, Grupo Purdy has been on the path to sustainability, reaffirming its commitment to positive impact through safe, clean, and social mobility as an essential part of its business vision.<\/p>\n<p>\u00a0[\/vc_column_text][\/vc_column][vc_column width=&#8221;1\/3&#8243;][vc_column_text el_class=&#8221;justify&#8221;]<\/p>\n<p style=\"text-align: justify;\">Poseemos la marca pa\u00eds\u00a0<strong>Esencial Costa Rica<\/strong>\u00a0y somos la primera empresa de movilidad certificada\u00a0<strong>Carbono Neutral Plus<\/strong>\u00a0en Latinoam\u00e9rica, as\u00ed como la \u00fanica en Costa Rica que cuenta con\u00a0<strong>sumidero propio<\/strong>.<\/p>\n<p style=\"text-align: justify;\">Con el mismo orgullo y gracias a la confianza de nuestros clientes,\u00a0<strong>somos una de las empresas costarricenses que cuenta con un GUINNESS WORLD RECORDS\u2122<\/strong>.<\/p>\n<p>[\/vc_column_text][\/vc_column][\/vc_row][vc_row][vc_column][vc_empty_space height=&#8221;50px&#8221;][vc_separator][vc_empty_space height=&#8221;50px&#8221;][\/vc_column][\/vc_row][vc_row][vc_column][vc_empty_space][vc_tta_tabs style=&#8221;modern&#8221; gap=&#8221;1&#8243; active_section=&#8221;1&#8243;][vc_tta_section title=&#8221;Representantes&#8221; tab_id=&#8221;Representantes&#8221;][vc_row_inner][vc_column_inner][vc_empty_space][\/vc_column_inner][\/vc_row_inner][vc_row_inner][vc_column_inner][vc_column_text]<\/p>\n<h2 class=\"t-title\"><strong>Ana Mar\u00eda Sequeira<\/strong><\/h2>\n<p>Director of Corporate Relations and Sustainability[\/vc_column_text][vc_raw_html]JTNDaSUyMGNsYXNzJTNEJTIyZmElMjBmYS1lbnZlbG9wZSUyMHNpbXBsZXAlMjIlMjBhcmlhLWhpZGRlbiUzRCUyMnRydWUlMjIlM0UlM0MlMkZpJTNFJTBBJTNDc3BhbiUyMGNsYXNzJTNEJTIycGhvbmUtbnVtYmVyLWJsb2NrJTIwcmVwcmVzZW50YW50ZXMlMjIlM0UlM0NzcGFuJTIwY2xhc3MlM0QlMjJ0ZWwlMjBjbi1waG9uZS1udW1iZXIlMjIlM0UlM0NzcGFuJTIwY2xhc3MlM0QlMjJ2YWx1ZSUyMiUzRSUzQ2ElMjBvbmNsaWNrJTNEJTIyJTI0JTI4dGhpcyUyOS5uZXh0JTI4JTI5LnNob3clMjglMjklM0IlMjIlMjBjbGFzcyUzRCUyMnBvaW50ZXIlMjIlM0VFbnZpYXIlMjBlbWFpbCUzQyUyRmElM0UlM0NkaXYlMjBjbGFzcyUzRCUyMnNlbmQtbWFpbC1jb250YWluZXIlMjIlMjBzdHlsZSUzRCUyMmRpc3BsYXklM0ElMjBub25lJTNCJTIyJTIwb25jbGljayUzRCUyMiUyNCUyOHRoaXMlMjkuaGlkZSUyOCUyOSUzQiUyMiUzRSUzQ2RpdiUyMGNsYXNzJTNEJTIyc2VuZC1tYWlsJTIyJTIwb25jbGljayUzRCUyMmV2ZW50LnN0b3BQcm9wYWdhdGlvbiUyOCUyOSUyMiUzRSUzQ2Zvcm0lMjBhY3Rpb24lM0QlMjIlMjIlMjBtZXRob2QlM0QlMjJQT1NUJTIyJTNFJTBBJTBBJTNDJTIxLS0lMjBSRUVNUExBWkFSJTIwQ09SUkVPJTIwQVFVSSUyMC0tJTNFJTBBJTNDaW5wdXQlMjB0eXBlJTNEJTIyaGlkZGVuJTIyJTIwbmFtZSUzRCUyMnJlY2lwaWVudGUlMjIlMjB2YWx1ZSUzRCUyMmFtc2VxdWVpcmFzJTQwZ3J1cG9wdXJkeS5jb20lMjIlM0UlMEElM0MlMjEtLSUyMEZJTiUyMC0tJTNFJTBBJTBBJTNDaW5wdXQlMjB0eXBlJTNEJTIyaGlkZGVuJTIyJTIwbmFtZSUzRCUyMmNvbm5lY3Rpb25faWQlMjIlMjB2YWx1ZSUzRCUyMjEwNSUyMiUzRSUzQ3RhYmxlJTNFJTNDdGJvZHklM0UlM0N0ciUzRSUzQ3RkJTNFJTNDbGFiZWwlMjBmb3IlM0QlMjJpX25vbWJyZSUyMiUzRU5vbWJyZSUzQSUzQyUyRmxhYmVsJTNFJTNDJTJGdGQlM0UlM0N0ZCUzRSUzQ2lucHV0JTIwcmVxdWlyZWQlM0QlMjIlMjIlMjB0eXBlJTNEJTIydGV4dCUyMiUyMG5hbWUlM0QlMjJub21icmUlMjIlMjBpZCUzRCUyMmlfbm9tYnJlJTIyJTNFJTNDJTJGdGQlM0UlM0MlMkZ0ciUzRSUzQ3RyJTNFJTNDdGQlM0UlM0NsYWJlbCUyMGZvciUzRCUyMmlfY29ycmVvJTIyJTNFQ29ycmVvJTNBJTNDJTJGbGFiZWwlM0UlM0MlMkZ0ZCUzRSUzQ3RkJTNFJTNDaW5wdXQlMjByZXF1aXJlZCUzRCUyMiUyMiUyMHR5cGUlM0QlMjJlbWFpbCUyMiUyMG5hbWUlM0QlMjJjb3JyZW8lMjIlMjBpZCUzRCUyMmlfY29ycmVvJTIyJTNFJTNDJTJGdGQlM0UlM0MlMkZ0ciUzRSUzQ3RyJTNFJTNDdGQlM0UlM0NsYWJlbCUyMGZvciUzRCUyMmlfdGVsZWZvbm8lMjIlM0VUZWwlQzMlQTlmb25vJTNBJTNDJTJGbGFiZWwlM0UlM0MlMkZ0ZCUzRSUzQ3RkJTNFJTNDaW5wdXQlMjByZXF1aXJlZCUzRCUyMiUyMiUyMHR5cGUlM0QlMjJ0ZXh0JTIyJTIwbmFtZSUzRCUyMnRlbGVmb25vJTIyJTIwaWQlM0QlMjJpX3RlbGVmb25vJTIyJTNFJTNDJTJGdGQlM0UlM0MlMkZ0ciUzRSUzQ3RyJTNFJTNDdGQlM0UlM0NsYWJlbCUyMGZvciUzRCUyMnRfbWVuc2FqZSUyMiUzRU1lbnNhamUlM0ElM0MlMkZsYWJlbCUzRSUzQyUyRnRkJTNFJTNDdGQlM0UlM0N0ZXh0YXJlYSUyMHJlcXVpcmVkJTNEJTIyJTIyJTIwcm93cyUzRCUyMjQlMjIlMjBjb2xzJTNEJTIyNTAlMjIlMjBuYW1lJTNEJTIybWVuc2FqZSUyMiUyMGlkJTNEJTIydF9tZW5zYWplJTIyJTNFJTNDJTJGdGV4dGFyZWElM0UlM0MlMkZ0ZCUzRSUzQyUyRnRyJTNFJTNDJTJGdGJvZHklM0UlM0MlMkZ0YWJsZSUzRSUzQ2RpdiUzRSUzQ2lucHV0JTIwdHlwZSUzRCUyMnN1Ym1pdCUyMiUyMG9uc3VibWl0JTNEJTIyYWxlcnQlMjglMjdsb2wlMjclMjklMjIlMjB2YWx1ZSUzRCUyMkVOVklBUiUyMiUyMCUyMiUzRCUyMiUyMiUzRSUzQyUyRmRpdiUzRSUzQyUyRmZvcm0lM0UlM0MlMkZkaXYlM0UlM0MlMkZkaXYlM0UlM0MlMkZzcGFuJTNFJTNDJTJGc3BhbiUzRSUzQyUyRnNwYW4lM0U=[\/vc_raw_html][\/vc_column_inner][\/vc_row_inner][vc_row_inner][vc_column_inner][vc_empty_space height=&#8221;45px&#8221;][\/vc_column_inner][\/vc_row_inner][vc_row_inner][vc_column_inner][vc_empty_space][\/vc_column_inner][\/vc_row_inner][\/vc_tta_section][vc_tta_section title=&#8221;Galer\u00eda&#8221; tab_id=&#8221;Galeria&#8221;][vc_empty_space][vc_gallery interval=&#8221;3&#8243; images=&#8221;28273,28275,28277,28279,28281&#8243; img_size=&#8221;full&#8221;][vc_empty_space][\/vc_tta_section][\/vc_tta_tabs][\/vc_column][\/vc_row][vc_row][vc_column][vc_separator][vc_empty_space height=&#8221;50px&#8221;]<div class=\"section-title title-block title-style-2\"><span class=\"top-title\"><\/span><h2 class=\"title\">Informaci\u00f3n de Contacto<\/h2><\/div>[\/vc_column][\/vc_row][vc_row css=&#8221;.vc_custom_1482982571333{padding-top: 40px !important;padding-bottom: 100px !important;}&#8221;][vc_column width=&#8221;1\/3&#8243; css=&#8221;.vc_custom_1482982543619{padding-top: 60px !important;}&#8221;]<div class=\"amwal-icon-box  box-style-2\">\r\n\t\t\t\t <span class=\"b-icon icon-location2\"><\/span><h4 class=\"title\">Nuestras Instalaciones<\/h4><div class=\"desc\"><p>Ciudad Toyota, La Uruca<\/p>\n<\/div>\r\n\t\t\t<\/div>[\/vc_column][vc_column width=&#8221;1\/3&#8243; css=&#8221;.vc_custom_1482982549812{padding-top: 60px !important;}&#8221;]<div class=\"amwal-icon-box  box-style-2\">\r\n\t\t\t\t <span class=\"b-icon icon-phone\"><\/span><h4 class=\"title\">Tel\u00e9fono<\/h4><div class=\"desc\"><p>CR: (+506) 2519-7777<\/p>\n<\/div>\r\n\t\t\t<\/div>[\/vc_column][vc_column width=&#8221;1\/3&#8243; css=&#8221;.vc_custom_1482982556523{padding-top: 60px !important;}&#8221;]<div class=\"amwal-icon-box  box-style-2\">\r\n\t\t\t\t <span class=\"b-icon icon-link2\"><\/span><h4 class=\"title\">Sitio Web<\/h4><div class=\"desc\"><p><a href=\"http:\/\/www.toyotacr.com\">www.toyotacr.com<\/a><\/p>\n<\/div>\r\n\t\t\t<\/div>[\/vc_column][\/vc_row][vc_row full_width=&#8221;stretch_row_content_no_spaces&#8221; css=&#8221;.vc_custom_1567190477205{margin-bottom: -20px !important;}&#8221;][vc_column][vc_row_inner][vc_column_inner][vc_gmaps link=&#8221;#E-8_JTNDaWZyYW1lJTIwc3JjJTNEJTIyaHR0cHMlM0ElMkYlMkZ3d3cuZ29vZ2xlLmNvbSUyRm1hcHMlMkZlbWJlZCUzRnBiJTNEJTIxMW0xOCUyMTFtMTIlMjExbTMlMjExZDM5MjkuNzc2MTQ4OTgxMzI2JTIxMmQtODQuMTEwODE4MDI1NzIyMTUlMjEzZDkuOTUyNTczODczODUwNTQxJTIxMm0zJTIxMWYwJTIxMmYwJTIxM2YwJTIxM20yJTIxMWkxMDI0JTIxMmk3NjglMjE0ZjEzLjElMjEzbTMlMjExbTIlMjExczB4OGZhMGZiNGU0MTU4ZTE1OSUyNTNBMHg1NmY1ZmNiN2IyMWVhMjM5JTIxMnNDaXVkYWQlMjUyMFRveW90YSUyMTVlMCUyMTNtMiUyMTFzZW4lMjEyc2NyJTIxNHYxNzYxMjMyMTk2ODM5JTIxNW0yJTIxMXNlbiUyMTJzY3IlMjIlMjB3aWR0aCUzRCUyMjYwMCUyMiUyMGhlaWdodCUzRCUyMjQ1MCUyMiUyMHN0eWxlJTNEJTIyYm9yZGVyJTNBMCUzQiUyMiUyMGFsbG93ZnVsbHNjcmVlbiUzRCUyMiUyMiUyMGxvYWRpbmclM0QlMjJsYXp5JTIyJTIwcmVmZXJyZXJwb2xpY3klM0QlMjJuby1yZWZlcnJlci13aGVuLWRvd25ncmFkZSUyMiUzRSUzQyUyRmlmcmFtZSUzRQ==&#8221;][\/vc_column_inner][\/vc_row_inner][\/vc_column][\/vc_row]<\/p>\n","protected":false},"excerpt":{"rendered":"<p>[vc_row][vc_column width=&#8221;1\/3&#8243;][vc_column_text][\/vc_column_text][\/vc_column][vc_column width=&#8221;1\/3&#8243;][vc_column_text css_animation=&#8221;none&#8221; el_class=&#8221;justify&#8221;] Business group dedicated to providing reliable and sustainable mobility solutions. Our organization was founded on&hellip;<\/p>\n","protected":false},"author":14,"featured_media":0,"parent":13227,"menu_order":1,"comment_status":"closed","ping_status":"closed","template":"","meta":{"footnotes":""},"class_list":["post-39404","page","type-page","status-publish","hentry"],"_links":{"self":[{"href":"https:\/\/www.amcham.cr\/en\/wp-json\/wp\/v2\/pages\/39404","targetHints":{"allow":["GET"]}}],"collection":[{"href":"https:\/\/www.amcham.cr\/en\/wp-json\/wp\/v2\/pages"}],"about":[{"href":"https:\/\/www.amcham.cr\/en\/wp-json\/wp\/v2\/types\/page"}],"author":[{"embeddable":true,"href":"https:\/\/www.amcham.cr\/en\/wp-json\/wp\/v2\/users\/14"}],"replies":[{"embeddable":true,"href":"https:\/\/www.amcham.cr\/en\/wp-json\/wp\/v2\/comments?post=39404"}],"version-history":[{"count":4,"href":"https:\/\/www.amcham.cr\/en\/wp-json\/wp\/v2\/pages\/39404\/revisions"}],"predecessor-version":[{"id":39435,"href":"https:\/\/www.amcham.cr\/en\/wp-json\/wp\/v2\/pages\/39404\/revisions\/39435"}],"up":[{"embeddable":true,"href":"https:\/\/www.amcham.cr\/en\/wp-json\/wp\/v2\/pages\/13227"}],"wp:attachment":[{"href":"https:\/\/www.amcham.cr\/en\/wp-json\/wp\/v2\/media?parent=39404"}],"curies":[{"name":"wp","href":"https:\/\/api.w.org\/{rel}","templated":true}]}}